{"id":932,"date":"2023-06-15T14:02:24","date_gmt":"2023-06-15T12:02:24","guid":{"rendered":"https:\/\/www.meyer-lohne.de\/unternehmen\/ueber-uns\/"},"modified":"2023-11-10T20:31:51","modified_gmt":"2023-11-10T19:31:51","slug":"ueber-uns","status":"publish","type":"page","link":"https:\/\/www.meyer-lohne.de\/en\/unternehmen\/ueber-uns\/","title":{"rendered":"\u00dcber uns"},"content":{"rendered":"<div class=\"wpb-content-wrapper\"><p>[vc_row full_width=\u201cstretch_row_content_no_spaces\u201d][vc_column][vc_row_inner][vc_column_inner]<\/p><div class=\"iw_wbs_vimeo_video\" data-overlay=\"none\" data-overlay-timing=\"end_of_video\" data-fixed-timing=\"5000\"><div class=\"video-wrapper\" style=\"padding-bottom: 56.25%; background-image: url(https:\/\/www.meyer-lohne.de\/wp-content\/uploads\/2023\/11\/sml-video-header-first-frame.jpg)\"><iframe id=\"vimeo-player\" src=\"https:\/\/player.vimeo.com\/video\/882835028?dnt=1&amp;background=1\" width=\"640px\" height=\"360px\" frameborder=\"0\" allow=\"fullscreen\" webkitallowfullscreen mozallowfullscreen allowfullscreen loading=\"lazy\">><\/iframe><\/div><\/div>[\/vc_column_inner][\/vc_row_inner][\/vc_column][\/vc_row][vc_row full_width=\u201cstretch_row\u201d][vc_column][vc_row_inner][vc_column_inner offset=\u201cvc_hidden-xs\u201d][vc_empty_space height=\u201c50px\u201d][\/vc_column_inner][\/vc_row_inner][vc_row_inner][vc_column_inner][vc_empty_space height=\u201c50px\u201d][\/vc_column_inner][\/vc_row_inner][vc_row_inner][vc_column_inner][vc_column_text css=\u201d.vc_custom_1689239665543{margin-bottom: 10px !important;}\u201d]\n<h1>\u00dcBER UNS<\/h1>\n<p>[\/vc_column_text][vc_column_text]<\/p>\n<h3><span style=\"color: #ae2135;\">70 Jahre Erfah\u00adrung in Schweinef\u00fctterungs\u2011, Pum\u00adpen\u00adund G\u00fcl\u00adle\u00adaus\u00adbring\u00adtech\u00adnik.<\/span><\/h3>\n<p>[\/vc_column_text][vc_column_text]<\/p>\n<h4>1951 wurde die Maschi\u00adnen\u00adfa\u00adbrik Meyer-Lohne als Fami\u00adli\u00aden\u00adbe\u00adtrieb in Lohne gegr\u00fcn\u00addet und wird heute in zwei\u00adter Gene\u00adra\u00adtion von Hubert Meyer gef\u00fchrt. Inno\u00adva\u00adtion, Kom\u00adpe\u00adtenz und Erfah\u00adrung gepaart mit unter\u00adneh\u00adme\u00adri\u00adscher Weit\u00adsicht haben uns in den letz\u00adten 70 Jah\u00adren zu einem f\u00fch\u00adren\u00adden Anbie\u00adter von G\u00fcl\u00adle\u00adtech\u00adnik sowie F\u00fct\u00adte\u00adrungs\u00adtech\u00adnik f\u00fcr Schweine in Europa gemacht. In Fach\u00adkrei\u00adsen gilt der Fir\u00admen\u00adgr\u00fcn\u00adder Otto Meyer als Vater der Fl\u00fcs\u00adsig\u00adf\u00fct\u00adte\u00adrung.<\/h4>\n<p>[\/vc_column_text][vc_empty_space height=\u201c25px\u201d][\/vc_column_inner][\/vc_row_inner][\/vc_column][\/vc_row][vc_row full_width=\u201cstretch_row\u201d][vc_column][vc_row_inner][vc_column_inner offset=\u201cvc_hidden-xs\u201d][vc_empty_space height=\u201c50px\u201d][\/vc_column_inner][\/vc_row_inner][vc_row_inner][vc_column_inner][vc_empty_space height=\u201c50px\u201d][\/vc_column_inner][\/vc_row_inner][vc_row_inner][vc_column_inner width=\u201c2\/3\u201d]            <\/p><div class=\"sml_highlight_headline \">\n            \n                <div class=\"square_wrapper\">  \n                    <svg width=\"24\" height=\"24\" viewBox=\"0 0 24 24\">\n                  <rect id=\"sml_square_01\" data-name=\"SML Square 1\" width=\"24\" height=\"24\" fill=\"#d7102d\" \/>\n                <\/svg>\n                    <svg width=\"24\" height=\"24\" viewBox=\"0 0 24 24\">\n                  <rect id=\"sml_square_01\" data-name=\"SML Square 1\" width=\"24\" height=\"24\" fill=\"#ae2135\" \/>\n                <\/svg>\n                    <svg width=\"24\" height=\"24\" viewBox=\"0 0 24 24\">\n                  <rect id=\"sml_square_01\" data-name=\"SML Square 1\" width=\"24\" height=\"24\" fill=\"#ae2135\" \/>\n                <\/svg>\n                    <svg width=\"24\" height=\"24\" viewBox=\"0 0 24 24\">\n                  <rect id=\"sml_square_01\" data-name=\"SML Square 1\" width=\"24\" height=\"24\" fill=\"#d7102d\" \/>\n                <\/svg>\n                    <svg width=\"24\" height=\"24\" viewBox=\"0 0 24 24\">\n                  <rect id=\"sml_square_01\" data-name=\"SML Square 1\" width=\"24\" height=\"24\" fill=\"#d7102d\" \/>\n                <\/svg>\n                    <svg width=\"24\" height=\"24\" viewBox=\"0 0 24 24\">\n                  <rect id=\"sml_square_01\" data-name=\"SML Square 1\" width=\"24\" height=\"24\" fill=\"#d7102d\" \/>\n                <\/svg>\n                    <div class=\"clearfix\"><\/div>\n                <\/div>\n                \n                <div class=\"text_wrapper\">\n                    <h2>GESCH\u00c4FTSF\u00dcHRUNG<\/h2>\n                <\/div>\n               \n                <div class=\"clearfix\"><\/div>\n                \n            <\/div>[vc_empty_space height=\u201c10px\u201d][vc_column_text]Die Maschi\u00adnen\u00adfa\u00adbrik Meyer-Lohne GmbH ist ein Fami\u00adli\u00aden\u00adun\u00adter\u00adneh\u00admen. Gegr\u00fcn\u00addet in 1951 kann man heute auf stolze 70 Unter\u00adneh\u00admens\u00adjahre zur\u00fcck\u00adbli\u00adcken. Heute wird das Unter\u00adneh\u00admen in zwei\u00adter und drit\u00adter Gene\u00adra\u00adtion von Hubert und Andreas Meyer gef\u00fchrt.[\/vc_column_text][\/vc_column_inner][vc_column_inner width=\u201c1\/3\u201d][\/vc_column_inner][\/vc_row_inner][vc_row_inner][vc_column_inner width=\u201c1\/3\u201d][vc_single_image image=\u201c317\u201d img_size=\u201cfull\u201d alignment=\u201ccenter\u201d][vc_column_text css=\u201d.vc_custom_1689239837128{margin-bottom: 15px !important;}\u201d]GESCH\u00c4FTSLEITUNG SEIT 1974[\/vc_column_text][vc_column_text css=\u201d.vc_custom_1689239840711{margin-bottom: 15px !important;}\u201d]\n<h3>Hubert Meyer<\/h3>\n<p>[\/vc_column_text][vc_column_text]<\/p>\n<h6>Gesch\u00e4fts\u00adf\u00fch\u00adrer<\/h6>\n<p>[\/vc_column_text][vc_empty_space height=\u201c25px\u201d][\/vc_column_inner][vc_column_inner width=\u201c1\/3\u201d][vc_single_image image=\u201c318\u201d img_size=\u201cfull\u201d alignment=\u201ccenter\u201d][vc_column_text css=\u201d.vc_custom_1689239897256{margin-bottom: 15px !important;}\u201d]MITGLIED DER GESCH\u00c4FTSLEITUNG SEIT 1998[\/vc_column_text][vc_column_text css=\u201d.vc_custom_1689239902855{margin-bottom: 15px !important;}\u201d]<\/p>\n<h3>Andreas Meyer<\/h3>\n<p>[\/vc_column_text][vc_column_text css=\u201d.vc_custom_1689239985309{margin-bottom: 15px !important;}\u201d]<\/p>\n<h6>Gesch\u00e4fts\u00adf\u00fch\u00adrer<\/h6>\n<p>[\/vc_column_text][vc_column_text]Leitung Pumpentechnik[\/vc_column_text][vc_empty_space height=\u201c25px\u201d][\/vc_column_inner][vc_column_inner width=\u201c1\/3\u201d][\/vc_column_inner][\/vc_row_inner][\/vc_column][\/vc_row][vc_row full_width=\u201cstretch_row\u201d][vc_column][vc_row_inner][vc_column_inner offset=\u201cvc_hidden-xs\u201d][vc_empty_space height=\u201c50px\u201d][\/vc_column_inner][\/vc_row_inner][vc_row_inner][vc_column_inner][vc_empty_space height=\u201c50px\u201d][\/vc_column_inner][\/vc_row_inner][vc_row_inner][vc_column_inner width=\u201c2\/3\u201d]            <\/p><div class=\"sml_highlight_headline \">\n            \n                <div class=\"square_wrapper\">  \n                    <svg width=\"24\" height=\"24\" viewBox=\"0 0 24 24\">\n                  <rect id=\"sml_square_01\" data-name=\"SML Square 1\" width=\"24\" height=\"24\" fill=\"#d7102d\" \/>\n                <\/svg>\n                    <svg width=\"24\" height=\"24\" viewBox=\"0 0 24 24\">\n                  <rect id=\"sml_square_01\" data-name=\"SML Square 1\" width=\"24\" height=\"24\" fill=\"#d7102d\" \/>\n                <\/svg>\n                    <svg width=\"24\" height=\"24\" viewBox=\"0 0 24 24\">\n                  <rect id=\"sml_square_01\" data-name=\"SML Square 1\" width=\"24\" height=\"24\" fill=\"#ae2135\" \/>\n                <\/svg>\n                    <svg width=\"24\" height=\"24\" viewBox=\"0 0 24 24\">\n                  <rect id=\"sml_square_01\" data-name=\"SML Square 1\" width=\"24\" height=\"24\" fill=\"#d7102d\" \/>\n                <\/svg>\n                    <svg width=\"24\" height=\"24\" viewBox=\"0 0 24 24\">\n                  <rect id=\"sml_square_01\" data-name=\"SML Square 1\" width=\"24\" height=\"24\" fill=\"#ae2135\" \/>\n                <\/svg>\n                    <svg width=\"24\" height=\"24\" viewBox=\"0 0 24 24\">\n                  <rect id=\"sml_square_01\" data-name=\"SML Square 1\" width=\"24\" height=\"24\" fill=\"#d7102d\" \/>\n                <\/svg>\n                    <div class=\"clearfix\"><\/div>\n                <\/div>\n                \n                <div class=\"text_wrapper\">\n                    <h2>IMAGEBROSCH\u00dcRE<\/h2>\n                <\/div>\n               \n                <div class=\"clearfix\"><\/div>\n                \n            <\/div>[vc_empty_space height=\u201c10px\u201d][vc_column_text]70 Jahre dau\u00adert nun schon die bewegte und erfolg\u00adrei\u00adche Geschichte der Meyer-Lohne GmbH an. 70 Jahre Erfah\u00adrung in Schweinef\u00fctterungs\u2011, Pum\u00adpen- und G\u00fcl\u00adle\u00adaus\u00adbring\u00adtech\u00adnik haben Ihre Spu\u00adren euro\u00adpa\u00adweit hinterlassen.[\/vc_column_text]                <div class=\"iw_wbs_button \" style=\"text-align:left\">\n                    <a href=\"https:\/\/www.meyer-lohne.de\/wp-content\/uploads\/2023\/11\/60-Jahre-Meyer-Lohne.pdf\" target=\"_blank\">\n                        <button>\n                            \n                            HERUNTERLADEN\n                        <\/button>\n                    <\/a>\n                <\/div>\n[\/vc_column_inner][vc_column_inner width=\u201c1\/3\u201d][\/vc_column_inner][\/vc_row_inner][vc_row_inner][vc_column_inner][vc_empty_space height=\u201c50px\u201d][\/vc_column_inner][\/vc_row_inner][\/vc_column][\/vc_row][vc_row full_width=\u201cstretch_row\u201d][vc_column][vc_row_inner][vc_column_inner offset=\u201cvc_hidden-xs\u201d][vc_empty_space height=\u201c50px\u201d][\/vc_column_inner][\/vc_row_inner][vc_row_inner][vc_column_inner][vc_empty_space height=\u201c50px\u201d][\/vc_column_inner][\/vc_row_inner][vc_row_inner][vc_column_inner width=\u201c2\/3\u201d]            <div class=\"sml_highlight_headline \">\n            \n                <div class=\"square_wrapper\">  \n                    <svg width=\"24\" height=\"24\" viewBox=\"0 0 24 24\">\n                  <rect id=\"sml_square_01\" data-name=\"SML Square 1\" width=\"24\" height=\"24\" fill=\"#ae2135\" \/>\n                <\/svg>\n                    <svg width=\"24\" height=\"24\" viewBox=\"0 0 24 24\">\n                  <rect id=\"sml_square_01\" data-name=\"SML Square 1\" width=\"24\" height=\"24\" fill=\"#ae2135\" \/>\n                <\/svg>\n                    <svg width=\"24\" height=\"24\" viewBox=\"0 0 24 24\">\n                  <rect id=\"sml_square_01\" data-name=\"SML Square 1\" width=\"24\" height=\"24\" fill=\"#ae2135\" \/>\n                <\/svg>\n                    <svg width=\"24\" height=\"24\" viewBox=\"0 0 24 24\">\n                  <rect id=\"sml_square_01\" data-name=\"SML Square 1\" width=\"24\" height=\"24\" fill=\"#d7102d\" \/>\n                <\/svg>\n                    <svg width=\"24\" height=\"24\" viewBox=\"0 0 24 24\">\n                  <rect id=\"sml_square_01\" data-name=\"SML Square 1\" width=\"24\" height=\"24\" fill=\"#d7102d\" \/>\n                <\/svg>\n                    <svg width=\"24\" height=\"24\" viewBox=\"0 0 24 24\">\n                  <rect id=\"sml_square_01\" data-name=\"SML Square 1\" width=\"24\" height=\"24\" fill=\"#d7102d\" \/>\n                <\/svg>\n                    <div class=\"clearfix\"><\/div>\n                <\/div>\n                \n                <div class=\"text_wrapper\">\n                    <h2>KONTAKT<\/h2>\n                <\/div>\n               \n                <div class=\"clearfix\"><\/div>\n                \n            <\/div>[vc_empty_space height=\u201c10px\u201d][vc_column_text]\n<h4>Haben Sie Fra\u00adgen? Wol\u00adlen Sie mehr \u00fcber unsere Pro\u00addukte wis\u00adsen? Dann rufen Sie uns an oder schrei\u00adben Sie uns. Nat\u00fcr\u00adlich k\u00f6n\u00adnen Sie auch gerne das fol\u00adgende For\u00admu\u00adlar ver\u00adwen\u00adden.<\/h4>\n<p>[\/vc_column_text]\n<\/p><div class=\"wpcf7 no-js\" id=\"wpcf7-f47-o1\" lang=\"de-DE\" dir=\"ltr\" data-wpcf7-id=\"47\">\n<div class=\"screen-reader-response\"><p role=\"status\" aria-live=\"polite\" aria-atomic=\"true\"><\/p> <ul><\/ul><\/div>\n<form action=\"\/en\/wp-json\/wp\/v2\/pages\/932#wpcf7-f47-o1\" method=\"post\" class=\"wpcf7-form init\" aria-label=\"Kontaktformular\" novalidate=\"novalidate\" data-status=\"init\">\n<fieldset class=\"hidden-fields-container\"><input type=\"hidden\" name=\"_wpcf7\" value=\"47\"><input type=\"hidden\" name=\"_wpcf7_version\" value=\"6.1.5\"><input type=\"hidden\" name=\"_wpcf7_locale\" value=\"de_DE\"><input type=\"hidden\" name=\"_wpcf7_unit_tag\" value=\"wpcf7-f47-o1\"><input type=\"hidden\" name=\"_wpcf7_container_post\" value=\"0\"><input type=\"hidden\" name=\"_wpcf7_posted_data_hash\" value>\n<\/fieldset>\n<div class=\"iw_contact_form\">\n\t<div class=\"standard_row\">\n\t\t<div class=\"content-element half left\">\n\t\t\t<p><label><br>\n<span class=\"wpcf7-form-control-wrap\" data-name=\"customer-name\"><input size=\"40\" maxlength=\"400\" class=\"wpcf7-form-control wpcf7-text wpcf7-validates-as-required\" aria-required=\"true\" aria-invalid=\"false\" placeholder=\"Name\" value type=\"text\" name=\"customer-name\"><\/span> <\/label>\n\t\t\t<\/p>\n\t\t<\/div>\n\t\t<div class=\"content-element half right\">\n\t\t\t<p><label><br>\n<span class=\"wpcf7-form-control-wrap\" data-name=\"customer-company\"><input size=\"40\" maxlength=\"400\" class=\"wpcf7-form-control wpcf7-text\" aria-invalid=\"false\" placeholder=\"Unternehmen\" value type=\"text\" name=\"customer-company\"><\/span> <\/label>\n\t\t\t<\/p>\n\t\t<\/div>\n\t\t<div class=\"clearfix\">\n\t\t<\/div>\n\t<\/div>\n\t<div class=\"standard_row\">\n\t\t<div class=\"content-element half left\">\n\t\t\t<p><label><br>\n<span class=\"wpcf7-form-control-wrap\" data-name=\"customer-mail\"><input size=\"40\" maxlength=\"400\" class=\"wpcf7-form-control wpcf7-email wpcf7-validates-as-required wpcf7-text wpcf7-validates-as-email\" aria-required=\"true\" aria-invalid=\"false\" placeholder=\"Email\" value type=\"email\" name=\"customer-mail\"><\/span> <\/label>\n\t\t\t<\/p>\n\t\t<\/div>\n\t\t<div class=\"content-element half right\">\n\t\t\t<p><label><br>\n<span class=\"wpcf7-form-control-wrap\" data-name=\"customer-phone\"><input size=\"40\" maxlength=\"400\" class=\"wpcf7-form-control wpcf7-tel wpcf7-validates-as-required wpcf7-text wpcf7-validates-as-tel\" aria-required=\"true\" aria-invalid=\"false\" placeholder=\"Rufnummer\" value type=\"tel\" name=\"customer-phone\"><\/span> <\/label>\n\t\t\t<\/p>\n\t\t<\/div>\n\t\t<div class=\"clearfix\">\n\t\t<\/div>\n\t<\/div>\n\t<div class=\"standard_row\">\n\t\t<div class=\"customer-element full\">\n\t\t\t<p><label><br>\n<span class=\"wpcf7-form-control-wrap\" data-name=\"customer-message\"><textarea cols=\"40\" rows=\"10\" maxlength=\"2000\" class=\"wpcf7-form-control wpcf7-textarea wpcf7-validates-as-required\" aria-required=\"true\" aria-invalid=\"false\" placeholder=\"Nachricht\" name=\"customer-message\"><\/textarea><\/span> <\/label>\n\t\t\t<\/p>\n\t\t<\/div>\n\t\t<div class=\"clearfix\">\n\t\t<\/div>\n\t\t<div class=\"content-note\">\n\t\t\t<p>Alle Fel\u00adder sind Pflicht\u00adfel\u00adder.\n\t\t\t<\/p>\n\t\t<\/div>\n\t<\/div>\n\t<div class=\"acceptance_row\">\n\t\t<p><span class=\"wpcf7-form-control-wrap\" data-name=\"customer-dataprivacyaccepted\"><span class=\"wpcf7-form-control wpcf7-acceptance\"><span class=\"wpcf7-list-item\"><label><input type=\"checkbox\" name=\"customer-dataprivacyaccepted\" value=\"1\" aria-invalid=\"false\"><span class=\"wpcf7-list-item-label\">Ich bin mit der Wei\u00adter\u00adver\u00adar\u00adbei\u00adtung mei\u00adner Daten im Rah\u00admen der in der <a href=\"\/datenschutz\/\">Daten\u00adschutz\u00adbe\u00adstim\u00admung<\/a> genann\u00adten Bedin\u00adgun\u00adgen zum Zweck der Kon\u00adtakt\u00adauf\u00adnahme\n        ein\u00adver\u00adstan\u00adden. Diese Seite wird gesch\u00fctzt von Cloud\u00adflare Turn\u00adstile. Es gilt die <a href=\"https:\/\/www.cloudflare.com\/de-de\/privacypolicy\/\">Daten\u00adschutz\u00ader\u00adkl\u00e4\u00adrung<\/a> von Cloud\u00adflare.<\/span><\/label><\/span><\/span><\/span>\n\t\t<\/p>\n\t<\/div>\n\t<div class=\"submit_row\">\n\t\t<div class=\"cf7-cf-turnstile\" style=\"margin-top: 0px; margin-bottom: -15px;\"> <div id=\"cf-turnstile-cf7-4150361253\" class=\"cf-turnstile\" data-callback=\"turnstileCF7Callback\" data-sitekey=\"0x4AAAAAAAM6uNKT8jIuV5rY\" data-theme=\"light\" data-language=\"auto\" data-size data-retry=\"auto\" data-retry-interval=\"1000\" data-refresh-expired=\"auto\" data-refresh-timeout=\"auto\" data-action=\"contact-form-7\" data-appearance=\"always\"><\/div> <style>.wpcf7-submit { pointer-events: none; opacity: 0.5; }<\/style> <script>document.addEventListener(\"DOMContentLoaded\", function() { setTimeout(function(){ var e=document.getElementById(\"cf-turnstile-cf7-4150361253\"); if(e&&!e.innerHTML.trim()){turnstile.render(e, {sitekey:\"0x4AAAAAAAM6uNKT8jIuV5rY\"});} }, 200); });<\/script> <br class=\"cf-turnstile-br cf-turnstile-br-cf7-4150361253\"> <style>#cf-turnstile-cf7-4150361253 { margin-left: -15px; }<\/style> <script>document.addEventListener(\"DOMContentLoaded\",function(){document.querySelectorAll('.wpcf7-form').forEach(function(e){e.addEventListener('submit',function(){if(document.getElementById('cf-turnstile-cf7-4150361253')){setTimeout(function(){turnstile.reset('#cf-turnstile-cf7-4150361253');},1000)}})})});<\/script> <\/div><br><input class=\"wpcf7-form-control wpcf7-submit has-spinner\" type=\"submit\" value=\"Abschicken\">\n\t\t\n\t<\/div>\n<\/div><div class=\"wpcf7-response-output\" aria-hidden=\"true\"><\/div>\n<\/form>\n<\/div>\n[\/vc_column_inner][vc_column_inner width=\u201c1\/3\u201d][\/vc_column_inner][\/vc_row_inner][vc_row_inner][vc_column_inner][vc_empty_space height=\u201c50px\u201d][\/vc_column_inner][\/vc_row_inner][vc_row_inner][vc_column_inner][vc_empty_space height=\u201c50px\u201d][\/vc_column_inner][\/vc_row_inner][\/vc_column][\/vc_row]\n<\/div>","protected":false},"excerpt":{"rendered":"<p>[vc_row full_width=\u201cstretch_row_content_no_spaces\u201d][vc_column][vc_row_inner][vc_column_inner][\/vc_column_inner][\/vc_row_inner][\/vc_column][\/vc_row][vc_row full_width=\u201cstretch_row\u201d][vc_column][vc_row_inner][vc_column_inner offset=\u201cvc_hidden-xs\u201d][vc_empty_space height=\u201c50px\u201d][\/vc_column_inner][\/vc_row_inner][vc_row_inner][vc_column_inner][vc_empty_space height=\u201c50px\u201d][\/vc_column_inner][\/vc_row_inner][vc_row_inner][vc_column_inner][vc_column_text css=\u201d.vc_custom_1689239665543{margin-bottom: 10px !important;}\u201d] \u00dcBER UNS [\/vc_column_text][vc_column_text] 70 Jahre Erfah\u00adrung in Schweinef\u00fctterungs\u2011, Pum\u00adpen\u00adund G\u00fcl\u00adle\u00adaus\u00adbring\u00adtech\u00adnik. [\/vc_column_text][vc_column_text] 1951 wurde die Maschi\u00adnen\u00adfa\u00adbrik Meyer-Lohne als Fami\u00adli\u00aden\u00adbe\u00adtrieb in Lohne gegr\u00fcn\u00addet und wird heute in zwei\u00adter Gene\u00adra\u00adtion von Hubert Meyer gef\u00fchrt. Inno\u00adva\u00adtion, Kom\u00adpe\u00adtenz und Erfah\u00adrung gepaart mit unter\u00adneh\u00adme\u00adri\u00adscher Weit\u00adsicht haben uns in den letz\u00adten 70 Jah\u00adren [\u2026]<\/p>\n","protected":false},"author":3,"featured_media":0,"parent":929,"menu_order":0,"comment_status":"closed","ping_status":"closed","template":"","meta":{"wp_typography_post_enhancements_disabled":false,"footnotes":""},"class_list":["post-932","page","type-page","status-publish","hentry"],"yoast_head":"<!-- This site is optimized with the Yoast SEO plugin v27.4 - https:\/\/yoast.com\/product\/yoast-seo-wordpress\/ -->\n<title>Maschinenfabrik Meyer-Lohne GmbH: \u00dcber uns<\/title>\n<meta name=\"description\" content=\"70 Jahre Erfahrung in Schweinef\u00fctterungs-, Pumpenund G\u00fclleausbringtechnik.\" \/>\n<meta name=\"robots\" content=\"noindex, nofollow\" \/>\n<meta property=\"og:locale\" content=\"en_US\" \/>\n<meta property=\"og:type\" content=\"article\" \/>\n<meta property=\"og:title\" content=\"Maschinenfabrik Meyer-Lohne GmbH: \u00dcber uns\" \/>\n<meta property=\"og:description\" content=\"70 Jahre Erfahrung in Schweinef\u00fctterungs-, Pumpenund G\u00fclleausbringtechnik.\" \/>\n<meta property=\"og:url\" content=\"https:\/\/www.meyer-lohne.de\/en\/unternehmen\/ueber-uns\/\" \/>\n<meta property=\"og:site_name\" content=\"System Meyer Lohne\" \/>\n<meta property=\"article:modified_time\" content=\"2023-11-10T19:31:51+00:00\" \/>\n<meta name=\"twitter:card\" content=\"summary_large_image\" \/>\n<meta name=\"twitter:label1\" content=\"Est. reading time\" \/>\n\t<meta name=\"twitter:data1\" content=\"2 minutes\" \/>\n<script type=\"application\/ld+json\" class=\"yoast-schema-graph\">{\"@context\":\"https:\\\/\\\/schema.org\",\"@graph\":[{\"@type\":\"WebPage\",\"@id\":\"https:\\\/\\\/www.meyer-lohne.de\\\/en\\\/unternehmen\\\/ueber-uns\\\/\",\"url\":\"https:\\\/\\\/www.meyer-lohne.de\\\/en\\\/unternehmen\\\/ueber-uns\\\/\",\"name\":\"Maschinenfabrik Meyer-Lohne GmbH: \u00dcber uns\",\"isPartOf\":{\"@id\":\"https:\\\/\\\/www.meyer-lohne.de\\\/en\\\/#website\"},\"datePublished\":\"2023-06-15T12:02:24+00:00\",\"dateModified\":\"2023-11-10T19:31:51+00:00\",\"description\":\"70 Jahre Erfahrung in Schweinef\u00fctterungs-, Pumpenund G\u00fclleausbringtechnik.\",\"breadcrumb\":{\"@id\":\"https:\\\/\\\/www.meyer-lohne.de\\\/en\\\/unternehmen\\\/ueber-uns\\\/#breadcrumb\"},\"inLanguage\":\"en-US\",\"potentialAction\":[{\"@type\":\"ReadAction\",\"target\":[\"https:\\\/\\\/www.meyer-lohne.de\\\/en\\\/unternehmen\\\/ueber-uns\\\/\"]}]},{\"@type\":\"BreadcrumbList\",\"@id\":\"https:\\\/\\\/www.meyer-lohne.de\\\/en\\\/unternehmen\\\/ueber-uns\\\/#breadcrumb\",\"itemListElement\":[{\"@type\":\"ListItem\",\"position\":1,\"name\":\"Startseite\",\"item\":\"https:\\\/\\\/www.meyer-lohne.de\\\/en\\\/home\\\/\"},{\"@type\":\"ListItem\",\"position\":2,\"name\":\"Unternehmen\",\"item\":\"https:\\\/\\\/www.meyer-lohne.de\\\/en\\\/unternehmen\\\/\"},{\"@type\":\"ListItem\",\"position\":3,\"name\":\"\u00dcber uns\"}]},{\"@type\":\"WebSite\",\"@id\":\"https:\\\/\\\/www.meyer-lohne.de\\\/en\\\/#website\",\"url\":\"https:\\\/\\\/www.meyer-lohne.de\\\/en\\\/\",\"name\":\"System Meyer Lohne\",\"description\":\"\",\"potentialAction\":[{\"@type\":\"SearchAction\",\"target\":{\"@type\":\"EntryPoint\",\"urlTemplate\":\"https:\\\/\\\/www.meyer-lohne.de\\\/en\\\/?s={search_term_string}\"},\"query-input\":{\"@type\":\"PropertyValueSpecification\",\"valueRequired\":true,\"valueName\":\"search_term_string\"}}],\"inLanguage\":\"en-US\"}]}<\/script>\n<!-- \/ Yoast SEO plugin. -->","yoast_head_json":{"title":"Maschinenfabrik Meyer-Lohne GmbH: \u00dcber uns","description":"70 Jahre Erfahrung in Schweinef\u00fctterungs-, Pumpenund G\u00fclleausbringtechnik.","robots":{"index":"noindex","follow":"nofollow"},"og_locale":"en_US","og_type":"article","og_title":"Maschinenfabrik Meyer-Lohne GmbH: \u00dcber uns","og_description":"70 Jahre Erfahrung in Schweinef\u00fctterungs-, Pumpenund G\u00fclleausbringtechnik.","og_url":"https:\/\/www.meyer-lohne.de\/en\/unternehmen\/ueber-uns\/","og_site_name":"System Meyer Lohne","article_modified_time":"2023-11-10T19:31:51+00:00","twitter_card":"summary_large_image","twitter_misc":{"Est. reading time":"2 minutes"},"schema":{"@context":"https:\/\/schema.org","@graph":[{"@type":"WebPage","@id":"https:\/\/www.meyer-lohne.de\/en\/unternehmen\/ueber-uns\/","url":"https:\/\/www.meyer-lohne.de\/en\/unternehmen\/ueber-uns\/","name":"Maschinenfabrik Meyer-Lohne GmbH: \u00dcber uns","isPartOf":{"@id":"https:\/\/www.meyer-lohne.de\/en\/#website"},"datePublished":"2023-06-15T12:02:24+00:00","dateModified":"2023-11-10T19:31:51+00:00","description":"70 Jahre Erfahrung in Schweinef\u00fctterungs-, Pumpenund G\u00fclleausbringtechnik.","breadcrumb":{"@id":"https:\/\/www.meyer-lohne.de\/en\/unternehmen\/ueber-uns\/#breadcrumb"},"inLanguage":"en-US","potentialAction":[{"@type":"ReadAction","target":["https:\/\/www.meyer-lohne.de\/en\/unternehmen\/ueber-uns\/"]}]},{"@type":"BreadcrumbList","@id":"https:\/\/www.meyer-lohne.de\/en\/unternehmen\/ueber-uns\/#breadcrumb","itemListElement":[{"@type":"ListItem","position":1,"name":"Startseite","item":"https:\/\/www.meyer-lohne.de\/en\/home\/"},{"@type":"ListItem","position":2,"name":"Unternehmen","item":"https:\/\/www.meyer-lohne.de\/en\/unternehmen\/"},{"@type":"ListItem","position":3,"name":"\u00dcber uns"}]},{"@type":"WebSite","@id":"https:\/\/www.meyer-lohne.de\/en\/#website","url":"https:\/\/www.meyer-lohne.de\/en\/","name":"System Meyer Lohne","description":"","potentialAction":[{"@type":"SearchAction","target":{"@type":"EntryPoint","urlTemplate":"https:\/\/www.meyer-lohne.de\/en\/?s={search_term_string}"},"query-input":{"@type":"PropertyValueSpecification","valueRequired":true,"valueName":"search_term_string"}}],"inLanguage":"en-US"}]}},"_links":{"self":[{"href":"https:\/\/www.meyer-lohne.de\/en\/wp-json\/wp\/v2\/pages\/932","targetHints":{"allow":["GET"]}}],"collection":[{"href":"https:\/\/www.meyer-lohne.de\/en\/wp-json\/wp\/v2\/pages"}],"about":[{"href":"https:\/\/www.meyer-lohne.de\/en\/wp-json\/wp\/v2\/types\/page"}],"author":[{"embeddable":true,"href":"https:\/\/www.meyer-lohne.de\/en\/wp-json\/wp\/v2\/users\/3"}],"replies":[{"embeddable":true,"href":"https:\/\/www.meyer-lohne.de\/en\/wp-json\/wp\/v2\/comments?post=932"}],"version-history":[{"count":1,"href":"https:\/\/www.meyer-lohne.de\/en\/wp-json\/wp\/v2\/pages\/932\/revisions"}],"predecessor-version":[{"id":946,"href":"https:\/\/www.meyer-lohne.de\/en\/wp-json\/wp\/v2\/pages\/932\/revisions\/946"}],"up":[{"embeddable":true,"href":"https:\/\/www.meyer-lohne.de\/en\/wp-json\/wp\/v2\/pages\/929"}],"wp:attachment":[{"href":"https:\/\/www.meyer-lohne.de\/en\/wp-json\/wp\/v2\/media?parent=932"}],"curies":[{"name":"wp","href":"https:\/\/api.w.org\/{rel}","templated":true}]}}