{"id":919,"date":"2023-06-15T14:03:54","date_gmt":"2023-06-15T12:03:54","guid":{"rendered":"https:\/\/www.meyer-lohne.de\/impressum\/"},"modified":"2023-11-10T20:29:19","modified_gmt":"2023-11-10T19:29:19","slug":"imprint","status":"publish","type":"page","link":"https:\/\/www.meyer-lohne.de\/en\/imprint\/","title":{"rendered":"Imprint"},"content":{"rendered":"<div class=\"wpb-content-wrapper\"><p>[vc_row full_width=\u201cstretch_row_content_no_spaces\u201d][vc_column][vc_row_inner][vc_column_inner]            <\/p><div class=\"iw_header_image \">\n                <div class=\"iw_header_image_image_wrapper\">\n                    <div class=\"iw_header_image_image_rescue\"><\/div>\n                    <div class=\"picture-tag-wrapper\">\n                                        <picture>\n                    <source media=\"(max-width: 465px)\" srcset=\"https:\/\/www.meyer-lohne.de\/wp-content\/uploads\/2023\/06\/sml-image-header-kontakt-01-3.jpg\">\n                    <source media=\"(max-width: 860px)\" srcset=\"https:\/\/www.meyer-lohne.de\/wp-content\/uploads\/2023\/06\/sml-image-header-kontakt-01-2.jpg\">\n                    <img decoding=\"async\" src=\"https:\/\/www.meyer-lohne.de\/wp-content\/uploads\/2023\/06\/sml-image-header-kontakt-01-1-scaled.jpg\" title=\"sml-image-header-kontakt-01\u20131\" alt width=\"2560\" height=\"1067\" style=\"width: 100%; height: 100%; object-fit: cover\" loading=\"lazy\">\n                <\/picture>\n                    <\/div>\n                <\/div>\n                \n                            <div class=\"iw_header_image_image_content\">\n                \n            <\/div>\n\n                \n            <\/div>\n\n[\/vc_column_inner][\/vc_row_inner][\/vc_column][\/vc_row][vc_row full_width=\u201cstretch_row\u201d][vc_column][vc_row_inner][vc_column_inner offset=\u201cvc_hidden-xs\u201d][vc_empty_space height=\u201c50px\u201d][\/vc_column_inner][\/vc_row_inner][vc_row_inner][vc_column_inner][vc_empty_space height=\u201c50px\u201d][\/vc_column_inner][\/vc_row_inner][vc_row_inner][vc_column_inner width=\u201c2\/3\u201d][vc_column_text css=\u201d.vc_custom_1699539123922{margin-bottom: 10px !important;}\u201d]\n<h1>IMPRESSUM<\/h1>\n<p>[\/vc_column_text][vc_empty_space height=\u201c25px\u201d][\/vc_column_inner][vc_column_inner width=\u201c1\/3\u201d][\/vc_column_inner][\/vc_row_inner][\/vc_column][\/vc_row][vc_row full_width=\u201cstretch_row\u201d][vc_column][vc_empty_space height=\u201c50px\u201d][vc_row_inner][vc_column_inner][vc_column_text css=\u201d.vc_custom_1684156008529{margin-bottom: 15px !important;}\u201d]<\/p>\n<h5>Anga\u00adben gem\u00e4\u00df \u00a7 5 TMG<\/h5>\n<p>[\/vc_column_text][vc_column_text]Maschinenfabrik Meyer-Lohne GmbH<br>\nAm H\u00f6vel 1<br>\n49393 Lohne<br>\nDeutschland[\/vc_column_text][vc_empty_space height=\u201c25px\u201d][\/vc_column_inner][\/vc_row_inner][vc_row_inner][vc_column_inner][vc_column_text css=\u201d.vc_custom_1684156024180{margin-bottom: 15px !important;}\u201d]<\/p>\n<h5>Ver\u00adant\u00adwort\u00adlich f\u00fcr den Inhalt nach \u00a7 55 Abs. 2 RStV<\/h5>\n<p>[\/vc_column_text][vc_column_text]Hubert Meyer, Andreas Meyer<br>\nMaschi\u00adnen\u00adfa\u00adbrik Meyer-Lohne GmbH<br>\nAm H\u00f6vel 1<br>\n49393 Lohne<br>\nDeutsch\u00adland<\/p>\n<p>E\u2011Mail: <a href=\"mailto:info@meyer-lohne.de\">info@meyer-lohne.de\/a&gt;<\/a>[\/vc_column_text][vc_empty_space height=\u201c25px\u201d][\/vc_column_inner][\/vc_row_inner][vc_row_inner][vc_column_inner][vc_column_text css=\u201d.vc_custom_1684156039528{margin-bottom: 15px !important;}\u201d]<\/p>\n<h5>Gesch\u00e4fts\u00adf\u00fch\u00adrer<\/h5>\n<p>[\/vc_column_text][vc_column_text]Hubert Meyer<br>\nAndreas Meyer[\/vc_column_text][vc_empty_space height=\u201c25px\u201d][\/vc_column_inner][\/vc_row_inner][vc_row_inner][vc_column_inner]<\/p><div class=\"iw-tech-agency-legal\">\n\t<div class=\"iw-tal-headline\">\n\t\t<p style=\"font-weight:bold\">Agency<\/p>\n\t<\/div>\n\t<div class=\"iw-tal-content\">\n\t\t<p>inwendo GmbH<\/p>\n\t\t<p>Jako\u00adbistr. 39<\/p>\n\t\t<p>30163 Han\u00adno\u00adver<\/p>\n\t\t<p><a href=\"mailto:made-by@inwendo.de?subject=Kontaktanfrage \u00fcber System Meyer Lohne Website\">made-by@inwendo.de<\/a><\/p>\n\t\t<p><a href=\"https:\/\/inwendo.de\/?utm_source=client-website&amp;utm_medium=imprint-link&amp;utm_campaign=made-by-inwendo\" target=\"_blank\">inwendo.de<\/a><\/p>\n\t<\/div>\n<\/div>[vc_empty_space height=\u201c25px\u201d][\/vc_column_inner][\/vc_row_inner][vc_row_inner][vc_column_inner][vc_column_text css=\u201d.vc_custom_1684156072694{margin-bottom: 15px !important;}\u201d]\n<h5>Han\u00addels\u00adre\u00adgis\u00adter<\/h5>\n<p>[\/vc_column_text][vc_column_text]Amtsgericht Olden\u00adburg<br>\nHRB 110146[\/vc_column_text][vc_empty_space height=\u201c25px\u201d][\/vc_column_inner][\/vc_row_inner][vc_row_inner][vc_column_inner][vc_column_text css=\u201d.vc_custom_1684156100696{margin-bottom: 15px !important;}\u201d]<\/p>\n<h5>Kon\u00adtakt<\/h5>\n<p>[\/vc_column_text][vc_column_text]Telefon: \u202d<a href=\"tel:+4944429410\">+49 4442 941\u20130<\/a><br>\nFax: \u202d+49 4442 941\u201320<br>\nE\u2011Mail: <a href=\"mailto:info@meyer-lohne.de\">info@meyer-lohne.de<\/a>[\/vc_column_text][vc_empty_space height=\u201c25px\u201d][\/vc_column_inner][\/vc_row_inner][vc_row_inner][vc_column_inner][vc_column_text css=\u201d.vc_custom_1684156126576{margin-bottom: 15px !important;}\u201d]<\/p>\n<h5>Umsatz\u00adsteuer-IDNr.<\/h5>\n<p>[\/vc_column_text][vc_column_text]DE117773304[\/vc_column_text][vc_empty_space height=\u201c25px\u201d][\/vc_column_inner][\/vc_row_inner][vc_row_inner][vc_column_inner][vc_column_text css=\u201d.vc_custom_1684156143212{margin-bottom: 15px !important;}\u201d]<\/p>\n<h5>Haf\u00adtungs\u00adaus\u00adschluss<\/h5>\n<p>[\/vc_column_text][vc_column_text]Die Inhalte unse\u00adrer Sei\u00adten wur\u00adden mit gr\u00f6\u00df\u00adter Sorg\u00adfalt erstellt. F\u00fcr die Rich\u00adtig\u00adkeit, Voll\u00adst\u00e4n\u00addig\u00adkeit und Aktua\u00adli\u00adt\u00e4t der Inhalte k\u00f6n\u00adnen wir jedoch keine Gew\u00e4hr \u00fcber\u00adneh\u00admen. Als Diens\u00adte\u00adan\u00adbie\u00adter sind wir gem\u00e4\u00df \u00a7 7 Abs.1 TMG f\u00fcr eigene Inhalte auf die\u00adsen Sei\u00adten nach den all\u00adge\u00admei\u00adnen Geset\u00adzen ver\u00adant\u00adwort\u00adlich. Nach \u00a7\u00a7 8 bis 10 TMG sind wir als Diens\u00adte\u00adan\u00adbie\u00adter jedoch nicht ver\u00adpflich\u00adtet, \u00fcber\u00admit\u00adtelte oder gespei\u00adcherte fremde Infor\u00adma\u00adtio\u00adnen zu \u00fcber\u00adwa\u00adchen oder nach Umst\u00e4n\u00adden zu for\u00adschen, die auf eine rechts\u00adwid\u00adrige T\u00e4tig\u00adkeit hin\u00adwei\u00adsen. Ver\u00adpflich\u00adtun\u00adgen zur Ent\u00adfer\u00adnung oder Sper\u00adrung der Nut\u00adzung von Infor\u00adma\u00adtio\u00adnen nach den all\u00adge\u00admei\u00adnen Geset\u00adzen blei\u00adben hier\u00advon unbe\u00adr\u00fchrt. Eine dies\u00adbe\u00adz\u00fcg\u00adli\u00adche Haf\u00adtung ist jedoch erst ab dem Zeit\u00adpunkt der Kennt\u00adnis einer kon\u00adkre\u00adten Rechts\u00adver\u00adlet\u00adzung m\u00f6g\u00adlich. Bei Bekannt\u00adwer\u00adden von ent\u00adspre\u00adchen\u00adden Rechts\u00adver\u00adlet\u00adzun\u00adgen wer\u00adden wir diese Inhalte umge\u00adhend entfernen.[\/vc_column_text][vc_empty_space height=\u201c25px\u201d][\/vc_column_inner][\/vc_row_inner][vc_row_inner][vc_column_inner][vc_column_text css=\u201d.vc_custom_1684156159414{margin-bottom: 15px !important;}\u201d]<\/p>\n<h5>Haf\u00adtung f\u00fcr Links<\/h5>\n<p>[\/vc_column_text][vc_column_text]Unser Ange\u00adbot ent\u00adh\u00e4lt Links zu exter\u00adnen Web\u00adsei\u00adten Drit\u00adter, auf deren Inhalte wir kei\u00adnen Ein\u00adfluss haben. Des\u00adhalb k\u00f6n\u00adnen wir f\u00fcr diese frem\u00adden Inhalte auch keine Gew\u00e4hr \u00fcber\u00adneh\u00admen. F\u00fcr die Inhalte der ver\u00adlink\u00adten Sei\u00adten ist stets der jewei\u00adlige Anbie\u00adter oder Betrei\u00adber ver\u00adant\u00adwort\u00adlich. Die ver\u00adlink\u00adten Sei\u00adten wur\u00adden zum Zeit\u00adpunkt der Ver\u00adlin\u00adkung auf m\u00f6g\u00adli\u00adche Rechts\u00adver\u00adst\u00f6\u00dfe \u00fcber\u00adpr\u00fcft. Rechts\u00adwid\u00adrige Inhalte waren zum Zeit\u00adpunkt der Ver\u00adlin\u00adkung nicht erkenn\u00adbar. Eine per\u00adma\u00adnente inhalt\u00adli\u00adche Kon\u00adtrolle der ver\u00adlink\u00adten Sei\u00adten ist jedoch ohne kon\u00adkrete Anhalts\u00adpunkte einer Rechts\u00adver\u00adlet\u00adzung nicht zumut\u00adbar. Bei Bekannt\u00adwer\u00adden von Rechts\u00adver\u00adlet\u00adzun\u00adgen wer\u00adden wir der\u00adar\u00adtige Links umge\u00adhend entfernen.[\/vc_column_text][vc_empty_space height=\u201c25px\u201d][\/vc_column_inner][\/vc_row_inner][vc_row_inner][vc_column_inner][vc_column_text css=\u201d.vc_custom_1684156168314{margin-bottom: 15px !important;}\u201d]<\/p>\n<h5>Urhe\u00adber\u00adrecht<\/h5>\n<p>[\/vc_column_text][vc_column_text]<\/p>\n<div id=\"1684155946.473699\" class=\"c-virtual_list__item c-virtual_list__item--initial-activeitem\" tabindex=\"0\" role=\"listitem\" aria-setsize=\"-1\" data-qa=\"virtual-list-item\" data-item-key=\"1684155946.473699\">\n<div class=\"c-message_kit__background c-message_kit__background--hovered p-message_pane_message__message c-message_kit__message\" role=\"presentation\" data-qa=\"message_container\" data-qa-unprocessed=\"false\" data-qa-placeholder=\"false\">\n<div class=\"c-message_kit__hover c-message_kit__hover--hovered\" role=\"document\" aria-roledescription=\"message\" data-qa-hover=\"true\">\n<div class=\"c-message_kit__actions c-message_kit__actions--default\">\n<div class=\"c-message_kit__gutter\">\n<div class=\"c-message_kit__gutter__right\" role=\"presentation\" data-qa=\"message_content\">\n<div class=\"c-message_kit__blocks c-message_kit__blocks--rich_text\">\n<div class=\"c-message__message_blocks c-message__message_blocks--rich_text\" data-qa=\"message-text\">\n<div class=\"p-block_kit_renderer\" data-qa=\"block-kit-renderer\">\n<div class=\"p-block_kit_renderer__block_wrapper p-block_kit_renderer__block_wrapper--first\">\n<div class=\"p-rich_text_block\" dir=\"auto\">\n<div class=\"p-rich_text_section\">Die durch die Sei\u00adten\u00adbe\u00adtrei\u00adber erstell\u00adten Inhalte und Werke auf die\u00adsen Sei\u00adten unter\u00adlie\u00adgen dem deut\u00adschen Urhe\u00adber\u00adrecht. Die Ver\u00adviel\u00adf\u00e4l\u00adti\u00adgung, Bear\u00adbei\u00adtung, Ver\u00adbrei\u00adtung und jede Art der Ver\u00adwer\u00adtung au\u00dfer\u00adhalb der Gren\u00adzen des Urhe\u00adber\u00adrech\u00adtes bed\u00fcr\u00adfen der schrift\u00adli\u00adchen Zustim\u00admung des jewei\u00adli\u00adgen Autors bzw. Erstel\u00adlers. Down\u00adloads und Kopien die\u00adser Seite sind nur f\u00fcr den pri\u00adva\u00adten, nicht kom\u00admer\u00adzi\u00adel\u00adlen Gebrauch gestat\u00adtet. Soweit die Inhalte auf die\u00adser Seite nicht vom Betrei\u00adber erstellt wur\u00adden, wer\u00adden die Urhe\u00adber\u00adrechte Drit\u00adter beach\u00adtet. Ins\u00adbe\u00adson\u00addere wer\u00adden Inhalte Drit\u00adter als sol\u00adche gekenn\u00adzeich\u00adnet. Soll\u00adten Sie trotz\u00addem auf eine Urhe\u00adber\u00adrechts\u00adver\u00adlet\u00adzung auf\u00admerk\u00adsam wer\u00adden, bit\u00adten wir um einen ent\u00adspre\u00adchen\u00adden Hin\u00adweis. Bei Bekannt\u00adwer\u00adden von Rechts\u00adver\u00adlet\u00adzun\u00adgen wer\u00adden wir der\u00adar\u00adtige Inhalte umge\u00adhend ent\u00adfer\u00adnen.<\/div>\n<\/div>\n<\/div>\n<\/div>\n<\/div>\n<\/div>\n<\/div>\n<\/div>\n<div class=\"c-message_actions__container c-message__actions\" role=\"group\">\n<div class=\"c-message_actions__group\" role=\"group\" aria-label=\"Message actions\" data-qa=\"message-actions\"><\/div>\n<\/div>\n<\/div>\n<\/div>\n<\/div>\n<\/div>\n<div id=\"1684155958.767619\" class=\"c-virtual_list__item\" tabindex=\"-1\" role=\"listitem\" aria-setsize=\"-1\" data-qa=\"virtual-list-item\" data-item-key=\"1684155958.767619\">\n<div class=\"c-message_kit__background p-message_pane_message__message c-message_kit__message\" role=\"presentation\" data-qa=\"message_container\" data-qa-unprocessed=\"false\" data-qa-placeholder=\"false\">\n<div class=\"c-message_kit__hover\" role=\"document\" aria-roledescription=\"message\" data-qa-hover=\"true\">\n<div class=\"c-message_kit__actions c-message_kit__actions--above\">\n<div class=\"c-message_kit__gutter\">\n<div class=\"c-message_kit__gutter__left\" role=\"presentation\"><\/div>\n<\/div>\n<\/div>\n<\/div>\n<\/div>\n<\/div>\n<p>[\/vc_column_text][vc_empty_space height=\u201c25px\u201d][\/vc_column_inner][\/vc_row_inner][vc_row_inner][vc_column_inner][vc_empty_space height=\u201c50px\u201d][\/vc_column_inner][\/vc_row_inner][vc_row_inner][vc_column_inner][vc_empty_space height=\u201c50px\u201d][\/vc_column_inner][\/vc_row_inner][\/vc_column][\/vc_row]<\/p>\n<\/div>","protected":false},"excerpt":{"rendered":"<p>[vc_row full_width=\u201cstretch_row_content_no_spaces\u201d][vc_column][vc_row_inner][vc_column_inner][\/vc_column_inner][\/vc_row_inner][\/vc_column][\/vc_row][vc_row full_width=\u201cstretch_row\u201d][vc_column][vc_row_inner][vc_column_inner offset=\u201cvc_hidden-xs\u201d][vc_empty_space height=\u201c50px\u201d][\/vc_column_inner][\/vc_row_inner][vc_row_inner][vc_column_inner][vc_empty_space height=\u201c50px\u201d][\/vc_column_inner][\/vc_row_inner][vc_row_inner][vc_column_inner width=\u201c2\/3\u201d][vc_column_text css=\u201d.vc_custom_1699539123922{margin-bottom: 10px !important;}\u201d] IMPRESSUM [\/vc_column_text][vc_empty_space height=\u201c25px\u201d][\/vc_column_inner][vc_column_inner width=\u201c1\/3\u201d][\/vc_column_inner][\/vc_row_inner][\/vc_column][\/vc_row][vc_row full_width=\u201cstretch_row\u201d][vc_column][vc_empty_space height=\u201c50px\u201d][vc_row_inner][vc_column_inner][vc_column_text css=\u201d.vc_custom_1684156008529{margin-bottom: 15px !important;}\u201d] Anga\u00adben gem\u00e4\u00df \u00a7 5 TMG [\/vc_column_text][vc_column_text]Maschinenfabrik Meyer-Lohne GmbH Am H\u00f6vel 1 49393 Lohne Deutschland[\/vc_column_text][vc_empty_space height=\u201c25px\u201d][\/vc_column_inner][\/vc_row_inner][vc_row_inner][vc_column_inner][vc_column_text css=\u201d.vc_custom_1684156024180{margin-bottom: 15px !important;}\u201d] Ver\u00adant\u00adwort\u00adlich f\u00fcr den Inhalt nach \u00a7 55 Abs. 2 RStV [\/vc_column_text][vc_column_text]Hubert Meyer, Andreas Meyer Maschi\u00adnen\u00adfa\u00adbrik Meyer-Lohne GmbH Am [\u2026]<\/p>\n","protected":false},"author":3,"featured_media":0,"parent":0,"menu_order":0,"comment_status":"closed","ping_status":"closed","template":"","meta":{"wp_typography_post_enhancements_disabled":false,"footnotes":""},"class_list":["post-919","page","type-page","status-publish","hentry"],"yoast_head":"<!-- This site is optimized with the Yoast SEO plugin v25.2 - https:\/\/yoast.com\/wordpress\/plugins\/seo\/ -->\n<title>Imprint - System Meyer Lohne<\/title>\n<meta name=\"robots\" content=\"noindex, nofollow\" \/>\n<meta property=\"og:locale\" content=\"en_US\" \/>\n<meta property=\"og:type\" content=\"article\" \/>\n<meta property=\"og:title\" content=\"Imprint - System Meyer Lohne\" \/>\n<meta property=\"og:description\" content=\"[vc_row full_width=\u201cstretch_row_content_no_spaces\u201d][vc_column][vc_row_inner][vc_column_inner][\/vc_column_inner][\/vc_row_inner][\/vc_column][\/vc_row][vc_row full_width=\u201cstretch_row\u201d][vc_column][vc_row_inner][vc_column_inner offset=\u201cvc_hidden-xs\u201d][vc_empty_space height=\u201c50px\u201d][\/vc_column_inner][\/vc_row_inner][vc_row_inner][vc_column_inner][vc_empty_space height=\u201c50px\u201d][\/vc_column_inner][\/vc_row_inner][vc_row_inner][vc_column_inner width=\u201c2\/3\u201d][vc_column_text css=\u201d.vc_custom_1699539123922{margin-bottom: 10px !important;}\u201d] IMPRESSUM [\/vc_column_text][vc_empty_space height=\u201c25px\u201d][\/vc_column_inner][vc_column_inner width=\u201c1\/3\u201d][\/vc_column_inner][\/vc_row_inner][\/vc_column][\/vc_row][vc_row full_width=\u201cstretch_row\u201d][vc_column][vc_empty_space height=\u201c50px\u201d][vc_row_inner][vc_column_inner][vc_column_text css=\u201d.vc_custom_1684156008529{margin-bottom: 15px !important;}\u201d] Anga\u00adben gem\u00e4\u00df \u00a7 5 TMG [\/vc_column_text][vc_column_text]Maschinenfabrik Meyer-Lohne GmbH Am H\u00f6vel 1 49393 Lohne Deutschland[\/vc_column_text][vc_empty_space height=\u201c25px\u201d][\/vc_column_inner][\/vc_row_inner][vc_row_inner][vc_column_inner][vc_column_text css=\u201d.vc_custom_1684156024180{margin-bottom: 15px !important;}\u201d] Ver\u00adant\u00adwort\u00adlich f\u00fcr den Inhalt nach \u00a7 55 Abs. 2 RStV [\/vc_column_text][vc_column_text]Hubert Meyer, Andreas Meyer Maschi\u00adnen\u00adfa\u00adbrik Meyer-Lohne GmbH Am [&hellip;]\" \/>\n<meta property=\"og:url\" content=\"https:\/\/www.meyer-lohne.de\/en\/imprint\/\" \/>\n<meta property=\"og:site_name\" content=\"System Meyer Lohne\" \/>\n<meta property=\"article:modified_time\" content=\"2023-11-10T19:29:19+00:00\" \/>\n<meta name=\"twitter:card\" content=\"summary_large_image\" \/>\n<meta name=\"twitter:label1\" content=\"Est. reading time\" \/>\n\t<meta name=\"twitter:data1\" content=\"3 minutes\" \/>\n<script type=\"application\/ld+json\" class=\"yoast-schema-graph\">{\"@context\":\"https:\/\/schema.org\",\"@graph\":[{\"@type\":\"WebPage\",\"@id\":\"https:\/\/www.meyer-lohne.de\/en\/imprint\/\",\"url\":\"https:\/\/www.meyer-lohne.de\/en\/imprint\/\",\"name\":\"Imprint - System Meyer Lohne\",\"isPartOf\":{\"@id\":\"https:\/\/www.meyer-lohne.de\/en\/#website\"},\"datePublished\":\"2023-06-15T12:03:54+00:00\",\"dateModified\":\"2023-11-10T19:29:19+00:00\",\"breadcrumb\":{\"@id\":\"https:\/\/www.meyer-lohne.de\/en\/imprint\/#breadcrumb\"},\"inLanguage\":\"en-US\",\"potentialAction\":[{\"@type\":\"ReadAction\",\"target\":[\"https:\/\/www.meyer-lohne.de\/en\/imprint\/\"]}]},{\"@type\":\"BreadcrumbList\",\"@id\":\"https:\/\/www.meyer-lohne.de\/en\/imprint\/#breadcrumb\",\"itemListElement\":[{\"@type\":\"ListItem\",\"position\":1,\"name\":\"Startseite\",\"item\":\"https:\/\/www.meyer-lohne.de\/en\/home\/\"},{\"@type\":\"ListItem\",\"position\":2,\"name\":\"Imprint\"}]},{\"@type\":\"WebSite\",\"@id\":\"https:\/\/www.meyer-lohne.de\/en\/#website\",\"url\":\"https:\/\/www.meyer-lohne.de\/en\/\",\"name\":\"System Meyer Lohne\",\"description\":\"\",\"potentialAction\":[{\"@type\":\"SearchAction\",\"target\":{\"@type\":\"EntryPoint\",\"urlTemplate\":\"https:\/\/www.meyer-lohne.de\/en\/?s={search_term_string}\"},\"query-input\":{\"@type\":\"PropertyValueSpecification\",\"valueRequired\":true,\"valueName\":\"search_term_string\"}}],\"inLanguage\":\"en-US\"}]}<\/script>\n<!-- \/ Yoast SEO plugin. -->","yoast_head_json":{"title":"Imprint - System Meyer Lohne","robots":{"index":"noindex","follow":"nofollow"},"og_locale":"en_US","og_type":"article","og_title":"Imprint - System Meyer Lohne","og_description":"[vc_row full_width=\u201cstretch_row_content_no_spaces\u201d][vc_column][vc_row_inner][vc_column_inner][\/vc_column_inner][\/vc_row_inner][\/vc_column][\/vc_row][vc_row full_width=\u201cstretch_row\u201d][vc_column][vc_row_inner][vc_column_inner offset=\u201cvc_hidden-xs\u201d][vc_empty_space height=\u201c50px\u201d][\/vc_column_inner][\/vc_row_inner][vc_row_inner][vc_column_inner][vc_empty_space height=\u201c50px\u201d][\/vc_column_inner][\/vc_row_inner][vc_row_inner][vc_column_inner width=\u201c2\/3\u201d][vc_column_text css=\u201d.vc_custom_1699539123922{margin-bottom: 10px !important;}\u201d] IMPRESSUM [\/vc_column_text][vc_empty_space height=\u201c25px\u201d][\/vc_column_inner][vc_column_inner width=\u201c1\/3\u201d][\/vc_column_inner][\/vc_row_inner][\/vc_column][\/vc_row][vc_row full_width=\u201cstretch_row\u201d][vc_column][vc_empty_space height=\u201c50px\u201d][vc_row_inner][vc_column_inner][vc_column_text css=\u201d.vc_custom_1684156008529{margin-bottom: 15px !important;}\u201d] Anga\u00adben gem\u00e4\u00df \u00a7 5 TMG [\/vc_column_text][vc_column_text]Maschinenfabrik Meyer-Lohne GmbH Am H\u00f6vel 1 49393 Lohne Deutschland[\/vc_column_text][vc_empty_space height=\u201c25px\u201d][\/vc_column_inner][\/vc_row_inner][vc_row_inner][vc_column_inner][vc_column_text css=\u201d.vc_custom_1684156024180{margin-bottom: 15px !important;}\u201d] Ver\u00adant\u00adwort\u00adlich f\u00fcr den Inhalt nach \u00a7 55 Abs. 2 RStV [\/vc_column_text][vc_column_text]Hubert Meyer, Andreas Meyer Maschi\u00adnen\u00adfa\u00adbrik Meyer-Lohne GmbH Am [&hellip;]","og_url":"https:\/\/www.meyer-lohne.de\/en\/imprint\/","og_site_name":"System Meyer Lohne","article_modified_time":"2023-11-10T19:29:19+00:00","twitter_card":"summary_large_image","twitter_misc":{"Est. reading time":"3 minutes"},"schema":{"@context":"https:\/\/schema.org","@graph":[{"@type":"WebPage","@id":"https:\/\/www.meyer-lohne.de\/en\/imprint\/","url":"https:\/\/www.meyer-lohne.de\/en\/imprint\/","name":"Imprint - System Meyer Lohne","isPartOf":{"@id":"https:\/\/www.meyer-lohne.de\/en\/#website"},"datePublished":"2023-06-15T12:03:54+00:00","dateModified":"2023-11-10T19:29:19+00:00","breadcrumb":{"@id":"https:\/\/www.meyer-lohne.de\/en\/imprint\/#breadcrumb"},"inLanguage":"en-US","potentialAction":[{"@type":"ReadAction","target":["https:\/\/www.meyer-lohne.de\/en\/imprint\/"]}]},{"@type":"BreadcrumbList","@id":"https:\/\/www.meyer-lohne.de\/en\/imprint\/#breadcrumb","itemListElement":[{"@type":"ListItem","position":1,"name":"Startseite","item":"https:\/\/www.meyer-lohne.de\/en\/home\/"},{"@type":"ListItem","position":2,"name":"Imprint"}]},{"@type":"WebSite","@id":"https:\/\/www.meyer-lohne.de\/en\/#website","url":"https:\/\/www.meyer-lohne.de\/en\/","name":"System Meyer Lohne","description":"","potentialAction":[{"@type":"SearchAction","target":{"@type":"EntryPoint","urlTemplate":"https:\/\/www.meyer-lohne.de\/en\/?s={search_term_string}"},"query-input":{"@type":"PropertyValueSpecification","valueRequired":true,"valueName":"search_term_string"}}],"inLanguage":"en-US"}]}},"_links":{"self":[{"href":"https:\/\/www.meyer-lohne.de\/en\/wp-json\/wp\/v2\/pages\/919","targetHints":{"allow":["GET"]}}],"collection":[{"href":"https:\/\/www.meyer-lohne.de\/en\/wp-json\/wp\/v2\/pages"}],"about":[{"href":"https:\/\/www.meyer-lohne.de\/en\/wp-json\/wp\/v2\/types\/page"}],"author":[{"embeddable":true,"href":"https:\/\/www.meyer-lohne.de\/en\/wp-json\/wp\/v2\/users\/3"}],"replies":[{"embeddable":true,"href":"https:\/\/www.meyer-lohne.de\/en\/wp-json\/wp\/v2\/comments?post=919"}],"version-history":[{"count":2,"href":"https:\/\/www.meyer-lohne.de\/en\/wp-json\/wp\/v2\/pages\/919\/revisions"}],"predecessor-version":[{"id":1098,"href":"https:\/\/www.meyer-lohne.de\/en\/wp-json\/wp\/v2\/pages\/919\/revisions\/1098"}],"wp:attachment":[{"href":"https:\/\/www.meyer-lohne.de\/en\/wp-json\/wp\/v2\/media?parent=919"}],"curies":[{"name":"wp","href":"https:\/\/api.w.org\/{rel}","templated":true}]}}